{"id":414,"date":"2026-01-24T12:30:49","date_gmt":"2026-01-24T12:30:49","guid":{"rendered":"https:\/\/kursy.it-ifg.pl\/?page_id=414"},"modified":"2026-01-24T12:37:38","modified_gmt":"2026-01-24T12:37:38","slug":"formularz-zapisu","status":"publish","type":"page","link":"https:\/\/kursy.it-ifg.pl\/index.php\/formularz-zapisu\/","title":{"rendered":"Formularz zapisu"},"content":{"rendered":"\t\t<div data-elementor-type=\"wp-page\" data-elementor-id=\"414\" class=\"elementor elementor-414\" data-elementor-post-type=\"page\">\n\t\t\t\t<div class=\"elementor-element elementor-element-e1ca67d e-flex e-con-boxed e-con e-parent\" data-id=\"e1ca67d\" data-element_type=\"container\" data-e-type=\"container\">\n\t\t\t\t\t<div class=\"e-con-inner\">\n\t\t<div class=\"elementor-element elementor-element-0b8cb76 e-con-full e-flex e-con e-child\" data-id=\"0b8cb76\" data-element_type=\"container\" data-e-type=\"container\" data-settings=\"{&quot;background_background&quot;:&quot;classic&quot;}\">\n\t\t\t\t<div class=\"elementor-element elementor-element-2abbc4e elementor-widget elementor-widget-text-editor\" data-id=\"2abbc4e\" data-element_type=\"widget\" data-e-type=\"widget\" data-widget_type=\"text-editor.default\">\n\t\t\t\t\t\t\t\t\t<p>Wype\u0142nij formularz, aby zarezerwowa\u0107 swoje miejsce. Po zapisie otrzymasz szczeg\u00f3\u0142y organizacyjne oraz harmonogram kursu.<\/p><p><img decoding=\"async\" class=\"emoji\" role=\"img\" draggable=\"false\" src=\"https:\/\/s.w.org\/images\/core\/emoji\/17.0.2\/svg\/2714.svg\" alt=\"\u2714\" \/>\u00a0Praktyczna wiedza od ekspert\u00f3w<br \/><img decoding=\"async\" class=\"emoji\" role=\"img\" draggable=\"false\" src=\"https:\/\/s.w.org\/images\/core\/emoji\/17.0.2\/svg\/2714.svg\" alt=\"\u2714\" \/>\u00a0Certyfikat uko\u0144czenia<br \/><img decoding=\"async\" class=\"emoji\" role=\"img\" draggable=\"false\" src=\"https:\/\/s.w.org\/images\/core\/emoji\/17.0.2\/svg\/2714.svg\" alt=\"\u2714\" \/>\u00a0Ograniczona liczba miejsc<\/p><p>Po wys\u0142aniu formularza skontaktujemy si\u0119 z Tob\u0105 w celu potwierdzenia rejestracji.<\/p><p>W przypadku os\u00f3b niepe\u0142noletnich, wymagane jest przes\u0142anie pisemnej zgody opiekuna prawnego, na udzia\u0142 w kursie.<\/p>\t\t\t\t\t\t\t\t<\/div>\n\t\t\t\t<div class=\"elementor-element elementor-element-0974fc4 elementor-button-align-start elementor-widget elementor-widget-form\" data-id=\"0974fc4\" data-element_type=\"widget\" data-e-type=\"widget\" data-settings=\"{&quot;step_next_label&quot;:&quot;Nast\\u0119pny&quot;,&quot;step_previous_label&quot;:&quot;Poprzedni&quot;,&quot;button_width&quot;:&quot;100&quot;,&quot;step_type&quot;:&quot;number_text&quot;,&quot;step_icon_shape&quot;:&quot;circle&quot;}\" data-widget_type=\"form.default\">\n\t\t\t\t\t\t\t<form class=\"elementor-form\" method=\"post\" name=\"Nowy formularz\" aria-label=\"Nowy formularz\">\n\t\t\t<input type=\"hidden\" name=\"post_id\" value=\"414\"\/>\n\t\t\t<input type=\"hidden\" name=\"form_id\" value=\"0974fc4\"\/>\n\t\t\t<input type=\"hidden\" name=\"referer_title\" value=\"Formularz zapisu - Kursy IT-IFG\" \/>\n\n\t\t\t\t\t\t\t<input type=\"hidden\" name=\"queried_id\" value=\"414\"\/>\n\t\t\t\n\t\t\t<div class=\"elementor-form-fields-wrapper elementor-labels-above\">\n\t\t\t\t\t\t\t\t<div class=\"elementor-field-type-step elementor-field-group elementor-column elementor-field-group-field_124ac49 elementor-col-100\">\n\t\t\t\t\t\t\t<div class=\"e-field-step elementor-hidden\" data-label=\"Twoje dane\" data-previousButton=\"\" data-nextButton=\"\" data-iconUrl=\"\" data-iconLibrary=\"\" data-icon=\"\" ><\/div>\n\n\t\t\t\t\t\t<\/div>\n\t\t\t\t\t\t\t\t<div class=\"elementor-field-type-text elementor-field-group elementor-column elementor-field-group-name elementor-col-50 elementor-field-required elementor-mark-required\">\n\t\t\t\t\t\t\t\t\t\t\t\t<label for=\"form-field-name\" class=\"elementor-field-label\">\n\t\t\t\t\t\t\t\tTwoje imi\u0119\t\t\t\t\t\t\t<\/label>\n\t\t\t\t\t\t\t\t\t\t\t\t\t\t<input size=\"1\" type=\"text\" name=\"form_fields[name]\" id=\"form-field-name\" class=\"elementor-field elementor-size-md  elementor-field-textual\" placeholder=\"Twoje imi\u0119\" required=\"required\">\n\t\t\t\t\t\t\t\t\t\t\t<\/div>\n\t\t\t\t\t\t\t\t<div class=\"elementor-field-type-text elementor-field-group elementor-column elementor-field-group-field_577a2d1 elementor-col-50 elementor-field-required elementor-mark-required\">\n\t\t\t\t\t\t\t\t\t\t\t\t<label for=\"form-field-field_577a2d1\" class=\"elementor-field-label\">\n\t\t\t\t\t\t\t\tTwoje nazwisko\t\t\t\t\t\t\t<\/label>\n\t\t\t\t\t\t\t\t\t\t\t\t\t\t<input size=\"1\" type=\"text\" name=\"form_fields[field_577a2d1]\" id=\"form-field-field_577a2d1\" class=\"elementor-field elementor-size-md  elementor-field-textual\" placeholder=\"Twoje nazwisko\" required=\"required\">\n\t\t\t\t\t\t\t\t\t\t\t<\/div>\n\t\t\t\t\t\t\t\t<div class=\"elementor-field-type-email elementor-field-group elementor-column elementor-field-group-email elementor-col-50 elementor-field-required elementor-mark-required\">\n\t\t\t\t\t\t\t\t\t\t\t\t<label for=\"form-field-email\" class=\"elementor-field-label\">\n\t\t\t\t\t\t\t\tTw\u00f3j adres e-mail \t\t\t\t\t\t\t<\/label>\n\t\t\t\t\t\t\t\t\t\t\t\t\t\t<input size=\"1\" type=\"email\" name=\"form_fields[email]\" id=\"form-field-email\" class=\"elementor-field elementor-size-md  elementor-field-textual\" placeholder=\"Tw\u00f3j adres e-mail \" required=\"required\">\n\t\t\t\t\t\t\t\t\t\t\t<\/div>\n\t\t\t\t\t\t\t\t<div class=\"elementor-field-type-tel elementor-field-group elementor-column elementor-field-group-field_b35430f elementor-col-50 elementor-field-required elementor-mark-required\">\n\t\t\t\t\t\t\t\t\t\t\t\t<label for=\"form-field-field_b35430f\" class=\"elementor-field-label\">\n\t\t\t\t\t\t\t\tTw\u00f3j numer telefonu \t\t\t\t\t\t\t<\/label>\n\t\t\t\t\t\t\t\t<input size=\"1\" type=\"tel\" name=\"form_fields[field_b35430f]\" id=\"form-field-field_b35430f\" class=\"elementor-field elementor-size-md  elementor-field-textual\" placeholder=\"Tw\u00f3j numer telefonu \" required=\"required\" pattern=\"[0-9()#&amp;+*-=.]+\" title=\"Akceptowane s\u0105 jedynie cyfry i znaki telefoniczne (#,-,*).\">\n\n\t\t\t\t\t\t<\/div>\n\t\t\t\t\t\t\t\t<div class=\"elementor-field-type-textarea elementor-field-group elementor-column elementor-field-group-message elementor-col-100\">\n\t\t\t\t\t\t\t\t\t\t\t\t<label for=\"form-field-message\" class=\"elementor-field-label\">\n\t\t\t\t\t\t\t\tNazwa kursu\t\t\t\t\t\t\t<\/label>\n\t\t\t\t\t\t<textarea class=\"elementor-field-textual elementor-field  elementor-size-md\" name=\"form_fields[message]\" id=\"form-field-message\" rows=\"2\" placeholder=\"Wpisz nazw\u0119 wybranego kursu\/kurs\u00f3w\"><\/textarea>\t\t\t\t<\/div>\n\t\t\t\t\t\t\t\t<div class=\"elementor-field-type-step elementor-field-group elementor-column elementor-field-group-field_fffaa82 elementor-col-100\">\n\t\t\t\t\t\t\t<div class=\"e-field-step elementor-hidden\" data-label=\"Dane do faktury\" data-previousButton=\"\" data-nextButton=\"\" data-iconUrl=\"\" data-iconLibrary=\"fas fa-chevron-right\" data-icon=\"&lt;svg class=&quot;e-font-icon-svg e-fas-chevron-right&quot; viewBox=&quot;0 0 320 512&quot; xmlns=&quot;http:\/\/www.w3.org\/2000\/svg&quot;&gt;&lt;path d=&quot;M285.476 272.971L91.132 467.314c-9.373 9.373-24.569 9.373-33.941 0l-22.667-22.667c-9.357-9.357-9.375-24.522-.04-33.901L188.505 256 34.484 101.255c-9.335-9.379-9.317-24.544.04-33.901l22.667-22.667c9.373-9.373 24.569-9.373 33.941 0L285.475 239.03c9.373 9.372 9.373 24.568.001 33.941z&quot;&gt;&lt;\/path&gt;&lt;\/svg&gt;\" ><\/div>\n\n\t\t\t\t\t\t<\/div>\n\t\t\t\t\t\t\t\t<div class=\"elementor-field-type-text elementor-field-group elementor-column elementor-field-group-field_5c703c5 elementor-col-50\">\n\t\t\t\t\t\t\t\t\t\t\t\t<label for=\"form-field-field_5c703c5\" class=\"elementor-field-label\">\n\t\t\t\t\t\t\t\tImi\u0119 i nazwisko \/ Nazwa firmy\t\t\t\t\t\t\t<\/label>\n\t\t\t\t\t\t\t\t\t\t\t\t\t\t<input size=\"1\" type=\"text\" name=\"form_fields[field_5c703c5]\" id=\"form-field-field_5c703c5\" class=\"elementor-field elementor-size-md  elementor-field-textual\" placeholder=\"Podaj imi\u0119 i nazwisko lub nazw\u0119 firmy\">\n\t\t\t\t\t\t\t\t\t\t\t<\/div>\n\t\t\t\t\t\t\t\t<div class=\"elementor-field-type-text elementor-field-group elementor-column elementor-field-group-field_9fd3712 elementor-col-50\">\n\t\t\t\t\t\t\t\t\t\t\t\t<label for=\"form-field-field_9fd3712\" class=\"elementor-field-label\">\n\t\t\t\t\t\t\t\tNIP\t\t\t\t\t\t\t<\/label>\n\t\t\t\t\t\t\t\t\t\t\t\t\t\t<input size=\"1\" type=\"text\" name=\"form_fields[field_9fd3712]\" id=\"form-field-field_9fd3712\" class=\"elementor-field elementor-size-md  elementor-field-textual\" placeholder=\"Podaj NIP swojej firmy\">\n\t\t\t\t\t\t\t\t\t\t\t<\/div>\n\t\t\t\t\t\t\t\t<div class=\"elementor-field-type-text elementor-field-group elementor-column elementor-field-group-field_e36e543 elementor-col-50\">\n\t\t\t\t\t\t\t\t\t\t\t\t<label for=\"form-field-field_e36e543\" class=\"elementor-field-label\">\n\t\t\t\t\t\t\t\tUlica\t\t\t\t\t\t\t<\/label>\n\t\t\t\t\t\t\t\t\t\t\t\t\t\t<input size=\"1\" type=\"text\" name=\"form_fields[field_e36e543]\" id=\"form-field-field_e36e543\" class=\"elementor-field elementor-size-md  elementor-field-textual\" placeholder=\"Podaj adres do faktury\">\n\t\t\t\t\t\t\t\t\t\t\t<\/div>\n\t\t\t\t\t\t\t\t<div class=\"elementor-field-type-text elementor-field-group elementor-column elementor-field-group-field_767e070 elementor-col-50 elementor-field-required elementor-mark-required\">\n\t\t\t\t\t\t\t\t\t\t\t\t<label for=\"form-field-field_767e070\" class=\"elementor-field-label\">\n\t\t\t\t\t\t\t\tNumer domu\t\t\t\t\t\t\t<\/label>\n\t\t\t\t\t\t\t\t\t\t\t\t\t\t<input size=\"1\" type=\"text\" name=\"form_fields[field_767e070]\" id=\"form-field-field_767e070\" class=\"elementor-field elementor-size-md  elementor-field-textual\" placeholder=\"Podaj numer domu do faktury\" required=\"required\">\n\t\t\t\t\t\t\t\t\t\t\t<\/div>\n\t\t\t\t\t\t\t\t<div class=\"elementor-field-type-text elementor-field-group elementor-column elementor-field-group-field_0455a14 elementor-col-100 elementor-field-required elementor-mark-required\">\n\t\t\t\t\t\t\t\t\t\t\t\t<label for=\"form-field-field_0455a14\" class=\"elementor-field-label\">\n\t\t\t\t\t\t\t\tMiasto\t\t\t\t\t\t\t<\/label>\n\t\t\t\t\t\t\t\t\t\t\t\t\t\t<input size=\"1\" type=\"text\" name=\"form_fields[field_0455a14]\" id=\"form-field-field_0455a14\" class=\"elementor-field elementor-size-md  elementor-field-textual\" placeholder=\"Podaj miasto do faktury\" required=\"required\">\n\t\t\t\t\t\t\t\t\t\t\t<\/div>\n\t\t\t\t\t\t\t\t<div class=\"elementor-field-type-text elementor-field-group elementor-column elementor-field-group-field_abe2010 elementor-col-100 elementor-field-required elementor-mark-required\">\n\t\t\t\t\t\t\t\t\t\t\t\t<label for=\"form-field-field_abe2010\" class=\"elementor-field-label\">\n\t\t\t\t\t\t\t\tKod pocztowy\t\t\t\t\t\t\t<\/label>\n\t\t\t\t\t\t\t\t\t\t\t\t\t\t<input size=\"1\" type=\"text\" name=\"form_fields[field_abe2010]\" id=\"form-field-field_abe2010\" class=\"elementor-field elementor-size-md  elementor-field-textual\" placeholder=\"Podaj kod pocztowy do faktury\" required=\"required\">\n\t\t\t\t\t\t\t\t\t\t\t<\/div>\n\t\t\t\t\t\t\t\t<div class=\"elementor-field-type-step elementor-field-group elementor-column elementor-field-group-field_2a8f68f elementor-col-100\">\n\t\t\t\t\t\t\t<div class=\"e-field-step elementor-hidden\" data-label=\"Dodatkowe uwagi\" data-previousButton=\"\" data-nextButton=\"\" data-iconUrl=\"\" data-iconLibrary=\"fas fa-star\" data-icon=\"&lt;svg class=&quot;e-font-icon-svg e-fas-star&quot; viewBox=&quot;0 0 576 512&quot; xmlns=&quot;http:\/\/www.w3.org\/2000\/svg&quot;&gt;&lt;path d=&quot;M259.3 17.8L194 150.2 47.9 171.5c-26.2 3.8-36.7 36.1-17.7 54.6l105.7 103-25 145.5c-4.5 26.3 23.2 46 46.4 33.7L288 439.6l130.7 68.7c23.2 12.2 50.9-7.4 46.4-33.7l-25-145.5 105.7-103c19-18.5 8.5-50.8-17.7-54.6L382 150.2 316.7 17.8c-11.7-23.6-45.6-23.9-57.4 0z&quot;&gt;&lt;\/path&gt;&lt;\/svg&gt;\" ><\/div>\n\n\t\t\t\t\t\t<\/div>\n\t\t\t\t\t\t\t\t<div class=\"elementor-field-type-textarea elementor-field-group elementor-column elementor-field-group-field_ecb1911 elementor-col-100\">\n\t\t\t\t\t\t\t\t\t\t\t\t<label for=\"form-field-field_ecb1911\" class=\"elementor-field-label\">\n\t\t\t\t\t\t\t\tDodatkowe uwagi i sugestie\t\t\t\t\t\t\t<\/label>\n\t\t\t\t\t\t<textarea class=\"elementor-field-textual elementor-field  elementor-size-md\" name=\"form_fields[field_ecb1911]\" id=\"form-field-field_ecb1911\" rows=\"4\" placeholder=\"Masz dla nas wiadomo\u015b\u0107 lub pytania? Wpisz je tutaj.\"><\/textarea>\t\t\t\t<\/div>\n\t\t\t\t\t\t\t\t<div class=\"elementor-field-type-step elementor-field-group elementor-column elementor-field-group-field_de25273 elementor-col-100\">\n\t\t\t\t\t\t\t<div class=\"e-field-step elementor-hidden\" data-label=\"Zgody i informacje\" data-previousButton=\"\" data-nextButton=\"\" data-iconUrl=\"\" data-iconLibrary=\"fas fa-star\" data-icon=\"&lt;svg class=&quot;e-font-icon-svg e-fas-star&quot; viewBox=&quot;0 0 576 512&quot; xmlns=&quot;http:\/\/www.w3.org\/2000\/svg&quot;&gt;&lt;path d=&quot;M259.3 17.8L194 150.2 47.9 171.5c-26.2 3.8-36.7 36.1-17.7 54.6l105.7 103-25 145.5c-4.5 26.3 23.2 46 46.4 33.7L288 439.6l130.7 68.7c23.2 12.2 50.9-7.4 46.4-33.7l-25-145.5 105.7-103c19-18.5 8.5-50.8-17.7-54.6L382 150.2 316.7 17.8c-11.7-23.6-45.6-23.9-57.4 0z&quot;&gt;&lt;\/path&gt;&lt;\/svg&gt;\" ><\/div>\n\n\t\t\t\t\t\t<\/div>\n\t\t\t\t\t\t\t\t<div class=\"elementor-field-type-acceptance elementor-field-group elementor-column elementor-field-group-field_d25581b elementor-col-100 elementor-field-required elementor-mark-required\">\n\t\t\t\t\t\t\t\t\t\t\t\t<label for=\"form-field-field_d25581b\" class=\"elementor-field-label\">\n\t\t\t\t\t\t\t\tRegulamin szkole\u0144\t\t\t\t\t\t\t<\/label>\n\t\t\t\t\t\t\t\t<div class=\"elementor-field-subgroup\">\n\t\t\t<span class=\"elementor-field-option\">\n\t\t\t\t<input type=\"checkbox\" name=\"form_fields[field_d25581b]\" id=\"form-field-field_d25581b\" class=\"elementor-field elementor-size-md  elementor-acceptance-field\" required=\"required\">\n\t\t\t\t<label for=\"form-field-field_d25581b\">Zapozna\u0142em si\u0119 z Regulaminem kurs\u00f3w i akceptuj\u0119 jego warunki.<\/label>\t\t\t<\/span>\n\t\t<\/div>\n\t\t\t\t\t\t<\/div>\n\t\t\t\t\t\t\t\t<div class=\"elementor-field-type-acceptance elementor-field-group elementor-column elementor-field-group-field_63cdebe elementor-col-100 elementor-field-required elementor-mark-required\">\n\t\t\t\t\t\t\t\t\t\t\t\t<label for=\"form-field-field_63cdebe\" class=\"elementor-field-label\">\n\t\t\t\t\t\t\t\tRegulamin szkole\u0144\t\t\t\t\t\t\t<\/label>\n\t\t\t\t\t\t\t\t<div class=\"elementor-field-subgroup\">\n\t\t\t<span class=\"elementor-field-option\">\n\t\t\t\t<input type=\"checkbox\" name=\"form_fields[field_63cdebe]\" id=\"form-field-field_63cdebe\" class=\"elementor-field elementor-size-md  elementor-acceptance-field\" required=\"required\">\n\t\t\t\t<label for=\"form-field-field_63cdebe\">Zapozna\u0142em si\u0119 z Polityk\u0105 jako\u015bci i proces\u00f3w szkoleniowych i akceptuj\u0119 jej warunki.<\/label>\t\t\t<\/span>\n\t\t<\/div>\n\t\t\t\t\t\t<\/div>\n\t\t\t\t\t\t\t\t<div class=\"elementor-field-group elementor-column elementor-field-type-submit elementor-col-100 e-form__buttons\">\n\t\t\t\t\t<button class=\"elementor-button elementor-size-sm\" type=\"submit\">\n\t\t\t\t\t\t<span class=\"elementor-button-content-wrapper\">\n\t\t\t\t\t\t\t\t\t\t\t\t\t\t\t\t\t\t\t\t\t\t<span class=\"elementor-button-text\">Wy\u015blij<\/span>\n\t\t\t\t\t\t\t\t\t\t\t\t\t<\/span>\n\t\t\t\t\t<\/button>\n\t\t\t\t<\/div>\n\t\t\t<\/div>\n\t\t<\/form>\n\t\t\t\t\t\t<\/div>\n\t\t\t\t<\/div>\n\t\t\t\t\t<\/div>\n\t\t\t\t<\/div>\n\t\t\t\t<\/div>\n\t\t","protected":false},"excerpt":{"rendered":"<p>Wype\u0142nij formularz, aby zarezerwowa\u0107 swoje miejsce. Po zapisie otrzymasz szczeg\u00f3\u0142y organizacyjne oraz harmonogram kursu. \u00a0Praktyczna wiedza od ekspert\u00f3w\u00a0Certyfikat uko\u0144czenia\u00a0Ograniczona liczba miejsc Po wys\u0142aniu formularza skontaktujemy si\u0119 z Tob\u0105 w celu potwierdzenia rejestracji. W przypadku os\u00f3b niepe\u0142noletnich, wymagane jest przes\u0142anie pisemnej zgody opiekuna prawnego, na udzia\u0142 w kursie.<\/p>\n","protected":false},"author":1,"featured_media":0,"parent":0,"menu_order":0,"comment_status":"closed","ping_status":"closed","template":"","meta":{"footnotes":""},"class_list":["post-414","page","type-page","status-publish","hentry"],"yoast_head":"<!-- This site is optimized with the Yoast SEO plugin v27.4 - https:\/\/yoast.com\/product\/yoast-seo-wordpress\/ -->\n<title>Formularz zapisu - Kursy IT-IFG<\/title>\n<meta name=\"robots\" content=\"index, follow, max-snippet:-1, max-image-preview:large, max-video-preview:-1\" \/>\n<link rel=\"canonical\" href=\"https:\/\/kursy.it-ifg.pl\/index.php\/formularz-zapisu\/\" \/>\n<meta property=\"og:locale\" content=\"pl_PL\" \/>\n<meta property=\"og:type\" content=\"article\" \/>\n<meta property=\"og:title\" content=\"Formularz zapisu - Kursy IT-IFG\" \/>\n<meta property=\"og:description\" content=\"Wype\u0142nij formularz, aby zarezerwowa\u0107 swoje miejsce. Po zapisie otrzymasz szczeg\u00f3\u0142y organizacyjne oraz harmonogram kursu. \u00a0Praktyczna wiedza od ekspert\u00f3w\u00a0Certyfikat uko\u0144czenia\u00a0Ograniczona liczba miejsc Po wys\u0142aniu formularza skontaktujemy si\u0119 z Tob\u0105 w celu potwierdzenia rejestracji. W przypadku os\u00f3b niepe\u0142noletnich, wymagane jest przes\u0142anie pisemnej zgody opiekuna prawnego, na udzia\u0142 w kursie.\" \/>\n<meta property=\"og:url\" content=\"https:\/\/kursy.it-ifg.pl\/index.php\/formularz-zapisu\/\" \/>\n<meta property=\"og:site_name\" content=\"Kursy IT-IFG\" \/>\n<meta property=\"article:modified_time\" content=\"2026-01-24T12:37:38+00:00\" \/>\n<meta property=\"og:image\" content=\"https:\/\/s.w.org\/images\/core\/emoji\/17.0.2\/svg\/2714.svg\" \/>\n<meta name=\"twitter:card\" content=\"summary_large_image\" \/>\n<script type=\"application\/ld+json\" class=\"yoast-schema-graph\">{\"@context\":\"https:\\\/\\\/schema.org\",\"@graph\":[{\"@type\":\"WebPage\",\"@id\":\"https:\\\/\\\/kursy.it-ifg.pl\\\/index.php\\\/formularz-zapisu\\\/\",\"url\":\"https:\\\/\\\/kursy.it-ifg.pl\\\/index.php\\\/formularz-zapisu\\\/\",\"name\":\"Formularz zapisu - Kursy IT-IFG\",\"isPartOf\":{\"@id\":\"https:\\\/\\\/kursy.it-ifg.pl\\\/#website\"},\"primaryImageOfPage\":{\"@id\":\"https:\\\/\\\/kursy.it-ifg.pl\\\/index.php\\\/formularz-zapisu\\\/#primaryimage\"},\"image\":{\"@id\":\"https:\\\/\\\/kursy.it-ifg.pl\\\/index.php\\\/formularz-zapisu\\\/#primaryimage\"},\"thumbnailUrl\":\"https:\\\/\\\/s.w.org\\\/images\\\/core\\\/emoji\\\/17.0.2\\\/svg\\\/2714.svg\",\"datePublished\":\"2026-01-24T12:30:49+00:00\",\"dateModified\":\"2026-01-24T12:37:38+00:00\",\"breadcrumb\":{\"@id\":\"https:\\\/\\\/kursy.it-ifg.pl\\\/index.php\\\/formularz-zapisu\\\/#breadcrumb\"},\"inLanguage\":\"pl-PL\",\"potentialAction\":[{\"@type\":\"ReadAction\",\"target\":[\"https:\\\/\\\/kursy.it-ifg.pl\\\/index.php\\\/formularz-zapisu\\\/\"]}]},{\"@type\":\"ImageObject\",\"inLanguage\":\"pl-PL\",\"@id\":\"https:\\\/\\\/kursy.it-ifg.pl\\\/index.php\\\/formularz-zapisu\\\/#primaryimage\",\"url\":\"https:\\\/\\\/s.w.org\\\/images\\\/core\\\/emoji\\\/17.0.2\\\/svg\\\/2714.svg\",\"contentUrl\":\"https:\\\/\\\/s.w.org\\\/images\\\/core\\\/emoji\\\/17.0.2\\\/svg\\\/2714.svg\"},{\"@type\":\"BreadcrumbList\",\"@id\":\"https:\\\/\\\/kursy.it-ifg.pl\\\/index.php\\\/formularz-zapisu\\\/#breadcrumb\",\"itemListElement\":[{\"@type\":\"ListItem\",\"position\":1,\"name\":\"Strona g\u0142\u00f3wna\",\"item\":\"https:\\\/\\\/kursy.it-ifg.pl\\\/\"},{\"@type\":\"ListItem\",\"position\":2,\"name\":\"Formularz zapisu\"}]},{\"@type\":\"WebSite\",\"@id\":\"https:\\\/\\\/kursy.it-ifg.pl\\\/#website\",\"url\":\"https:\\\/\\\/kursy.it-ifg.pl\\\/\",\"name\":\"Kursy IT-IFG\",\"description\":\"\",\"publisher\":{\"@id\":\"https:\\\/\\\/kursy.it-ifg.pl\\\/#organization\"},\"potentialAction\":[{\"@type\":\"SearchAction\",\"target\":{\"@type\":\"EntryPoint\",\"urlTemplate\":\"https:\\\/\\\/kursy.it-ifg.pl\\\/?s={search_term_string}\"},\"query-input\":{\"@type\":\"PropertyValueSpecification\",\"valueRequired\":true,\"valueName\":\"search_term_string\"}}],\"inLanguage\":\"pl-PL\"},{\"@type\":\"Organization\",\"@id\":\"https:\\\/\\\/kursy.it-ifg.pl\\\/#organization\",\"name\":\"Kursy IT-IFG\",\"url\":\"https:\\\/\\\/kursy.it-ifg.pl\\\/\",\"logo\":{\"@type\":\"ImageObject\",\"inLanguage\":\"pl-PL\",\"@id\":\"https:\\\/\\\/kursy.it-ifg.pl\\\/#\\\/schema\\\/logo\\\/image\\\/\",\"url\":\"https:\\\/\\\/kursy.it-ifg.pl\\\/wp-content\\\/uploads\\\/2025\\\/10\\\/logo-invert-art-biale.png\",\"contentUrl\":\"https:\\\/\\\/kursy.it-ifg.pl\\\/wp-content\\\/uploads\\\/2025\\\/10\\\/logo-invert-art-biale.png\",\"width\":817,\"height\":583,\"caption\":\"Kursy IT-IFG\"},\"image\":{\"@id\":\"https:\\\/\\\/kursy.it-ifg.pl\\\/#\\\/schema\\\/logo\\\/image\\\/\"}}]}<\/script>\n<!-- \/ Yoast SEO plugin. -->","yoast_head_json":{"title":"Formularz zapisu - Kursy IT-IFG","robots":{"index":"index","follow":"follow","max-snippet":"max-snippet:-1","max-image-preview":"max-image-preview:large","max-video-preview":"max-video-preview:-1"},"canonical":"https:\/\/kursy.it-ifg.pl\/index.php\/formularz-zapisu\/","og_locale":"pl_PL","og_type":"article","og_title":"Formularz zapisu - Kursy IT-IFG","og_description":"Wype\u0142nij formularz, aby zarezerwowa\u0107 swoje miejsce. Po zapisie otrzymasz szczeg\u00f3\u0142y organizacyjne oraz harmonogram kursu. \u00a0Praktyczna wiedza od ekspert\u00f3w\u00a0Certyfikat uko\u0144czenia\u00a0Ograniczona liczba miejsc Po wys\u0142aniu formularza skontaktujemy si\u0119 z Tob\u0105 w celu potwierdzenia rejestracji. W przypadku os\u00f3b niepe\u0142noletnich, wymagane jest przes\u0142anie pisemnej zgody opiekuna prawnego, na udzia\u0142 w kursie.","og_url":"https:\/\/kursy.it-ifg.pl\/index.php\/formularz-zapisu\/","og_site_name":"Kursy IT-IFG","article_modified_time":"2026-01-24T12:37:38+00:00","og_image":[{"url":"https:\/\/s.w.org\/images\/core\/emoji\/17.0.2\/svg\/2714.svg","type":"","width":"","height":""}],"twitter_card":"summary_large_image","schema":{"@context":"https:\/\/schema.org","@graph":[{"@type":"WebPage","@id":"https:\/\/kursy.it-ifg.pl\/index.php\/formularz-zapisu\/","url":"https:\/\/kursy.it-ifg.pl\/index.php\/formularz-zapisu\/","name":"Formularz zapisu - Kursy IT-IFG","isPartOf":{"@id":"https:\/\/kursy.it-ifg.pl\/#website"},"primaryImageOfPage":{"@id":"https:\/\/kursy.it-ifg.pl\/index.php\/formularz-zapisu\/#primaryimage"},"image":{"@id":"https:\/\/kursy.it-ifg.pl\/index.php\/formularz-zapisu\/#primaryimage"},"thumbnailUrl":"https:\/\/s.w.org\/images\/core\/emoji\/17.0.2\/svg\/2714.svg","datePublished":"2026-01-24T12:30:49+00:00","dateModified":"2026-01-24T12:37:38+00:00","breadcrumb":{"@id":"https:\/\/kursy.it-ifg.pl\/index.php\/formularz-zapisu\/#breadcrumb"},"inLanguage":"pl-PL","potentialAction":[{"@type":"ReadAction","target":["https:\/\/kursy.it-ifg.pl\/index.php\/formularz-zapisu\/"]}]},{"@type":"ImageObject","inLanguage":"pl-PL","@id":"https:\/\/kursy.it-ifg.pl\/index.php\/formularz-zapisu\/#primaryimage","url":"https:\/\/s.w.org\/images\/core\/emoji\/17.0.2\/svg\/2714.svg","contentUrl":"https:\/\/s.w.org\/images\/core\/emoji\/17.0.2\/svg\/2714.svg"},{"@type":"BreadcrumbList","@id":"https:\/\/kursy.it-ifg.pl\/index.php\/formularz-zapisu\/#breadcrumb","itemListElement":[{"@type":"ListItem","position":1,"name":"Strona g\u0142\u00f3wna","item":"https:\/\/kursy.it-ifg.pl\/"},{"@type":"ListItem","position":2,"name":"Formularz zapisu"}]},{"@type":"WebSite","@id":"https:\/\/kursy.it-ifg.pl\/#website","url":"https:\/\/kursy.it-ifg.pl\/","name":"Kursy IT-IFG","description":"","publisher":{"@id":"https:\/\/kursy.it-ifg.pl\/#organization"},"potentialAction":[{"@type":"SearchAction","target":{"@type":"EntryPoint","urlTemplate":"https:\/\/kursy.it-ifg.pl\/?s={search_term_string}"},"query-input":{"@type":"PropertyValueSpecification","valueRequired":true,"valueName":"search_term_string"}}],"inLanguage":"pl-PL"},{"@type":"Organization","@id":"https:\/\/kursy.it-ifg.pl\/#organization","name":"Kursy IT-IFG","url":"https:\/\/kursy.it-ifg.pl\/","logo":{"@type":"ImageObject","inLanguage":"pl-PL","@id":"https:\/\/kursy.it-ifg.pl\/#\/schema\/logo\/image\/","url":"https:\/\/kursy.it-ifg.pl\/wp-content\/uploads\/2025\/10\/logo-invert-art-biale.png","contentUrl":"https:\/\/kursy.it-ifg.pl\/wp-content\/uploads\/2025\/10\/logo-invert-art-biale.png","width":817,"height":583,"caption":"Kursy IT-IFG"},"image":{"@id":"https:\/\/kursy.it-ifg.pl\/#\/schema\/logo\/image\/"}}]}},"_links":{"self":[{"href":"https:\/\/kursy.it-ifg.pl\/index.php\/wp-json\/wp\/v2\/pages\/414","targetHints":{"allow":["GET"]}}],"collection":[{"href":"https:\/\/kursy.it-ifg.pl\/index.php\/wp-json\/wp\/v2\/pages"}],"about":[{"href":"https:\/\/kursy.it-ifg.pl\/index.php\/wp-json\/wp\/v2\/types\/page"}],"author":[{"embeddable":true,"href":"https:\/\/kursy.it-ifg.pl\/index.php\/wp-json\/wp\/v2\/users\/1"}],"replies":[{"embeddable":true,"href":"https:\/\/kursy.it-ifg.pl\/index.php\/wp-json\/wp\/v2\/comments?post=414"}],"version-history":[{"count":10,"href":"https:\/\/kursy.it-ifg.pl\/index.php\/wp-json\/wp\/v2\/pages\/414\/revisions"}],"predecessor-version":[{"id":424,"href":"https:\/\/kursy.it-ifg.pl\/index.php\/wp-json\/wp\/v2\/pages\/414\/revisions\/424"}],"wp:attachment":[{"href":"https:\/\/kursy.it-ifg.pl\/index.php\/wp-json\/wp\/v2\/media?parent=414"}],"curies":[{"name":"wp","href":"https:\/\/api.w.org\/{rel}","templated":true}]}}